{"id":366,"date":"2025-11-23T22:02:24","date_gmt":"2025-11-23T22:02:24","guid":{"rendered":"https:\/\/fixxamarketing.com.br\/?page_id=366"},"modified":"2025-11-23T22:06:49","modified_gmt":"2025-11-23T22:06:49","slug":"sobre","status":"publish","type":"page","link":"https:\/\/teste.fixxamarketing.com.br\/wp\/sobre\/","title":{"rendered":"Sobre"},"content":{"rendered":"\t\t<div data-elementor-type=\"wp-page\" data-elementor-id=\"366\" class=\"elementor elementor-366\" data-elementor-post-type=\"page\">\n\t\t\t\t<div class=\"elementor-element elementor-element-22ebe808 e-flex e-con-boxed e-con e-parent\" data-id=\"22ebe808\" data-element_type=\"container\" data-settings=\"{&quot;background_background&quot;:&quot;classic&quot;}\">\n\t\t\t\t\t<div class=\"e-con-inner\">\n\t\t\t\t<div class=\"elementor-element elementor-element-57ed2805 elementor-widget elementor-widget-heading\" data-id=\"57ed2805\" data-element_type=\"widget\" data-widget_type=\"heading.default\">\n\t\t\t\t\t<h1 class=\"elementor-heading-title elementor-size-default\">Sobre<\/h1>\t\t\t\t<\/div>\n\t\t\t\t<div class=\"elementor-element elementor-element-1a69300a elementor-widget elementor-widget-text-editor\" data-id=\"1a69300a\" data-element_type=\"widget\" data-widget_type=\"text-editor.default\">\n\t\t\t\t\t\t\t\t\t<p><a href=\"https:\/\/teste.fixxamarketing.com.br\/wp\">In\u00edcio<\/a>\u00a0\/ Sobre<\/p>\t\t\t\t\t\t\t\t<\/div>\n\t\t\t\t\t<\/div>\n\t\t\t\t<\/div>\n\t\t<div class=\"elementor-element elementor-element-e1a85f3 e-flex e-con-boxed e-con e-parent\" data-id=\"e1a85f3\" data-element_type=\"container\" data-settings=\"{&quot;background_background&quot;:&quot;classic&quot;}\">\n\t\t\t\t\t<div class=\"e-con-inner\">\n\t\t<div class=\"elementor-element elementor-element-49366bc e-con-full e-flex e-con e-child\" data-id=\"49366bc\" data-element_type=\"container\">\n\t\t\t\t<div class=\"elementor-element elementor-element-1a81a96 elementor-widget__width-initial elementor-widget elementor-widget-image\" data-id=\"1a81a96\" data-element_type=\"widget\" data-settings=\"{&quot;_animation&quot;:&quot;none&quot;}\" data-widget_type=\"image.default\">\n\t\t\t\t\t\t\t\t\t\t\t\t\t\t\t<img fetchpriority=\"high\" decoding=\"async\" width=\"424\" height=\"424\" src=\"https:\/\/teste.fixxamarketing.com.br\/wp\/wp-content\/uploads\/2025\/11\/Design-sem-nome-_16_.webp\" class=\"attachment-large size-large wp-image-189\" alt=\"agencia de marketing\" srcset=\"https:\/\/teste.fixxamarketing.com.br\/wp\/wp-content\/uploads\/2025\/11\/Design-sem-nome-_16_.webp 424w, https:\/\/teste.fixxamarketing.com.br\/wp\/wp-content\/uploads\/2025\/11\/Design-sem-nome-_16_-300x300.webp 300w, https:\/\/teste.fixxamarketing.com.br\/wp\/wp-content\/uploads\/2025\/11\/Design-sem-nome-_16_-150x150.webp 150w\" sizes=\"(max-width: 424px) 100vw, 424px\" \/>\t\t\t\t\t\t\t\t\t\t\t\t\t\t\t<\/div>\n\t\t<div class=\"elementor-element elementor-element-9d2a139 e-con-full e-flex e-con e-child\" data-id=\"9d2a139\" data-element_type=\"container\" data-settings=\"{&quot;background_background&quot;:&quot;classic&quot;}\">\n\t\t\t\t<div class=\"elementor-element elementor-element-dd8ac8b elementor-widget elementor-widget-spacer\" data-id=\"dd8ac8b\" data-element_type=\"widget\" data-widget_type=\"spacer.default\">\n\t\t\t\t\t\t\t<div class=\"elementor-spacer\">\n\t\t\t<div class=\"elementor-spacer-inner\"><\/div>\n\t\t<\/div>\n\t\t\t\t\t\t<\/div>\n\t\t\t\t<\/div>\n\t\t\t\t<div class=\"elementor-element elementor-element-09cb389 elementor-widget__width-initial elementor-widget elementor-widget-image\" data-id=\"09cb389\" data-element_type=\"widget\" data-settings=\"{&quot;_animation&quot;:&quot;none&quot;}\" data-widget_type=\"image.default\">\n\t\t\t\t\t\t\t\t\t\t\t\t\t\t\t<img decoding=\"async\" width=\"514\" height=\"514\" src=\"https:\/\/teste.fixxamarketing.com.br\/wp\/wp-content\/uploads\/2025\/11\/Design-sem-nome-_55_.webp\" class=\"attachment-full size-full wp-image-220\" alt=\"fixxa marketing\" srcset=\"https:\/\/teste.fixxamarketing.com.br\/wp\/wp-content\/uploads\/2025\/11\/Design-sem-nome-_55_.webp 514w, https:\/\/teste.fixxamarketing.com.br\/wp\/wp-content\/uploads\/2025\/11\/Design-sem-nome-_55_-300x300.webp 300w, https:\/\/teste.fixxamarketing.com.br\/wp\/wp-content\/uploads\/2025\/11\/Design-sem-nome-_55_-150x150.webp 150w\" sizes=\"(max-width: 514px) 100vw, 514px\" \/>\t\t\t\t\t\t\t\t\t\t\t\t\t\t\t<\/div>\n\t\t\t\t<\/div>\n\t\t<div class=\"elementor-element elementor-element-eb9c4e7 e-con-full e-flex e-con e-child\" data-id=\"eb9c4e7\" data-element_type=\"container\" data-settings=\"{&quot;animation&quot;:&quot;none&quot;}\">\n\t\t\t\t<div class=\"elementor-element elementor-element-a920e69 elementor-widget elementor-widget-heading\" data-id=\"a920e69\" data-element_type=\"widget\" data-widget_type=\"heading.default\">\n\t\t\t\t\t<div class=\"elementor-heading-title elementor-size-default\">SOBRE A FIXXA MARKETING<\/div>\t\t\t\t<\/div>\n\t\t\t\t<div class=\"elementor-element elementor-element-c6d6c70 elementor-widget elementor-widget-heading\" data-id=\"c6d6c70\" data-element_type=\"widget\" data-widget_type=\"heading.default\">\n\t\t\t\t\t<h2 class=\"elementor-heading-title elementor-size-default\">Ag\u00eancia de Marketing Certificada<\/h2>\t\t\t\t<\/div>\n\t\t\t\t<div class=\"elementor-element elementor-element-5a34b46 elementor-widget elementor-widget-text-editor\" data-id=\"5a34b46\" data-element_type=\"widget\" data-widget_type=\"text-editor.default\">\n\t\t\t\t\t\t\t\t\t<p>Somos uma ag\u00eancia de marketing que nasceu com um \u00fanico prop\u00f3sito: ajudar empresas a crescerem atrav\u00e9s da publicidade digital. Nossa miss\u00e3o \u00e9 fazer seu neg\u00f3cio crescer atrav\u00e9s de estrat\u00e9gias inteligentes e bem executadas.<\/p>\t\t\t\t\t\t\t\t<\/div>\n\t\t<div class=\"elementor-element elementor-element-9533c61 e-con-full e-flex e-con e-child\" data-id=\"9533c61\" data-element_type=\"container\">\n\t\t\t\t<div class=\"elementor-element elementor-element-0968438 elementor-position-left elementor-view-default elementor-widget elementor-widget-icon-box\" data-id=\"0968438\" data-element_type=\"widget\" data-widget_type=\"icon-box.default\">\n\t\t\t\t\t\t\t<div class=\"elementor-icon-box-wrapper\">\n\n\t\t\t\t\t\t<div class=\"elementor-icon-box-icon\">\n\t\t\t\t<span  class=\"elementor-icon\">\n\t\t\t\t<i aria-hidden=\"true\" class=\"icon icon-growth\"><\/i>\t\t\t\t<\/span>\n\t\t\t<\/div>\n\t\t\t\n\t\t\t\t\t\t<div class=\"elementor-icon-box-content\">\n\n\t\t\t\t\t\t\t\t\t<h3 class=\"elementor-icon-box-title\">\n\t\t\t\t\t\t<span  >\n\t\t\t\t\t\t\tResultados Que Acontecem\t\t\t\t\t\t<\/span>\n\t\t\t\t\t<\/h3>\n\t\t\t\t\n\t\t\t\t\t\t\t\t\t<p class=\"elementor-icon-box-description\">\n\t\t\t\t\t\tCampanhas otimizadas do in\u00edcio ao fim para gerar leads e vendas reais, n\u00e3o s\u00f3 m\u00e9tricas bonitas.\t\t\t\t\t<\/p>\n\t\t\t\t\n\t\t\t<\/div>\n\t\t\t\n\t\t<\/div>\n\t\t\t\t\t\t<\/div>\n\t\t\t\t<div class=\"elementor-element elementor-element-c60ac2b elementor-position-left elementor-view-default elementor-widget elementor-widget-icon-box\" data-id=\"c60ac2b\" data-element_type=\"widget\" data-widget_type=\"icon-box.default\">\n\t\t\t\t\t\t\t<div class=\"elementor-icon-box-wrapper\">\n\n\t\t\t\t\t\t<div class=\"elementor-icon-box-icon\">\n\t\t\t\t<span  class=\"elementor-icon\">\n\t\t\t\t<i aria-hidden=\"true\" class=\"icon icon-Target\"><\/i>\t\t\t\t<\/span>\n\t\t\t<\/div>\n\t\t\t\n\t\t\t\t\t\t<div class=\"elementor-icon-box-content\">\n\n\t\t\t\t\t\t\t\t\t<h3 class=\"elementor-icon-box-title\">\n\t\t\t\t\t\t<span  >\n\t\t\t\t\t\t\tEstrat\u00e9gia Sob Medida\t\t\t\t\t\t<\/span>\n\t\t\t\t\t<\/h3>\n\t\t\t\t\n\t\t\t\t\t\t\t\t\t<p class=\"elementor-icon-box-description\">\n\t\t\t\t\t\tCada a\u00e7\u00e3o \u00e9 pensada para o seu neg\u00f3cio, do an\u00fancio \u00e0 convers\u00e3o, garantindo efici\u00eancia e escala.\t\t\t\t\t<\/p>\n\t\t\t\t\n\t\t\t<\/div>\n\t\t\t\n\t\t<\/div>\n\t\t\t\t\t\t<\/div>\n\t\t\t\t<div class=\"elementor-element elementor-element-02eb4f9 elementor-mobile-align-center elementor-widget elementor-widget-button\" data-id=\"02eb4f9\" data-element_type=\"widget\" data-widget_type=\"button.default\">\n\t\t\t\t\t\t\t\t\t\t<a class=\"elementor-button elementor-button-link elementor-size-sm elementor-animation-shrink\" href=\"#formulario\">\n\t\t\t\t\t\t<span class=\"elementor-button-content-wrapper\">\n\t\t\t\t\t\t<span class=\"elementor-button-icon\">\n\t\t\t\t<svg aria-hidden=\"true\" class=\"e-font-icon-svg e-fas-chevron-circle-right\" viewBox=\"0 0 512 512\" xmlns=\"http:\/\/www.w3.org\/2000\/svg\"><path d=\"M256 8c137 0 248 111 248 248S393 504 256 504 8 393 8 256 119 8 256 8zm113.9 231L234.4 103.5c-9.4-9.4-24.6-9.4-33.9 0l-17 17c-9.4 9.4-9.4 24.6 0 33.9L285.1 256 183.5 357.6c-9.4 9.4-9.4 24.6 0 33.9l17 17c9.4 9.4 24.6 9.4 33.9 0L369.9 273c9.4-9.4 9.4-24.6 0-34z\"><\/path><\/svg>\t\t\t<\/span>\n\t\t\t\t\t\t\t\t\t<span class=\"elementor-button-text\">FALE CONOSCO<\/span>\n\t\t\t\t\t<\/span>\n\t\t\t\t\t<\/a>\n\t\t\t\t\t\t\t\t<\/div>\n\t\t\t\t<\/div>\n\t\t\t\t<\/div>\n\t\t\t\t\t<\/div>\n\t\t\t\t<\/div>\n\t\t<div class=\"elementor-element elementor-element-3b22c3a e-flex e-con-boxed e-con e-parent\" data-id=\"3b22c3a\" data-element_type=\"container\" data-settings=\"{&quot;background_background&quot;:&quot;classic&quot;}\">\n\t\t\t\t\t<div class=\"e-con-inner\">\n\t\t<div class=\"elementor-element elementor-element-0ac2446 e-con-full e-flex e-con e-child\" data-id=\"0ac2446\" data-element_type=\"container\">\n\t\t<div class=\"elementor-element elementor-element-7195228 e-con-full e-flex e-con e-child\" data-id=\"7195228\" data-element_type=\"container\">\n\t\t<div class=\"elementor-element elementor-element-23a864b e-con-full e-flex e-con e-child\" data-id=\"23a864b\" data-element_type=\"container\">\n\t\t\t\t<div class=\"elementor-element elementor-element-4900283 elementor-widget elementor-widget-heading\" data-id=\"4900283\" data-element_type=\"widget\" data-widget_type=\"heading.default\">\n\t\t\t\t\t<div class=\"elementor-heading-title elementor-size-default\">PORQUE ESCOLHER A FIXXA<\/div>\t\t\t\t<\/div>\n\t\t\t\t<div class=\"elementor-element elementor-element-4d75b44 elementor-widget elementor-widget-heading\" data-id=\"4d75b44\" data-element_type=\"widget\" data-widget_type=\"heading.default\">\n\t\t\t\t\t<h2 class=\"elementor-heading-title elementor-size-default\">Transformamos cliques em resultados reais.\n<\/h2>\t\t\t\t<\/div>\n\t\t\t\t<div class=\"elementor-element elementor-element-2d75765 elementor-widget elementor-widget-text-editor\" data-id=\"2d75765\" data-element_type=\"widget\" data-widget_type=\"text-editor.default\">\n\t\t\t\t\t\t\t\t\tSomos uma ag\u00eancia de marketing digital focada em atrair clientes qualificados para o seu neg\u00f3cio, usando estrat\u00e9gias inteligentes que valorizam cada centavo investido.\t\t\t\t\t\t\t\t<\/div>\n\t\t\t\t<div class=\"elementor-element elementor-element-1ba4fcf elementor-mobile-align-center elementor-widget elementor-widget-button\" data-id=\"1ba4fcf\" data-element_type=\"widget\" data-widget_type=\"button.default\">\n\t\t\t\t\t\t\t\t\t\t<a class=\"elementor-button elementor-button-link elementor-size-sm elementor-animation-shrink\" href=\"#formulario\">\n\t\t\t\t\t\t<span class=\"elementor-button-content-wrapper\">\n\t\t\t\t\t\t<span class=\"elementor-button-icon\">\n\t\t\t\t<svg aria-hidden=\"true\" class=\"e-font-icon-svg e-fas-chevron-circle-right\" viewBox=\"0 0 512 512\" xmlns=\"http:\/\/www.w3.org\/2000\/svg\"><path d=\"M256 8c137 0 248 111 248 248S393 504 256 504 8 393 8 256 119 8 256 8zm113.9 231L234.4 103.5c-9.4-9.4-24.6-9.4-33.9 0l-17 17c-9.4 9.4-9.4 24.6 0 33.9L285.1 256 183.5 357.6c-9.4 9.4-9.4 24.6 0 33.9l17 17c9.4 9.4 24.6 9.4 33.9 0L369.9 273c9.4-9.4 9.4-24.6 0-34z\"><\/path><\/svg>\t\t\t<\/span>\n\t\t\t\t\t\t\t\t\t<span class=\"elementor-button-text\">FALE CONOSCO<\/span>\n\t\t\t\t\t<\/span>\n\t\t\t\t\t<\/a>\n\t\t\t\t\t\t\t\t<\/div>\n\t\t\t\t<\/div>\n\t\t\t\t<\/div>\n\t\t<div class=\"elementor-element elementor-element-00d19a6 e-con-full e-flex e-con e-child\" data-id=\"00d19a6\" data-element_type=\"container\" data-settings=\"{&quot;animation&quot;:&quot;none&quot;}\">\n\t\t<div class=\"elementor-element elementor-element-b731155 e-con-full e-flex e-con e-child\" data-id=\"b731155\" data-element_type=\"container\">\n\t\t\t\t<div class=\"elementor-element elementor-element-5c30f9d elementor-position-top elementor-widget elementor-widget-image-box\" data-id=\"5c30f9d\" data-element_type=\"widget\" data-widget_type=\"image-box.default\">\n\t\t\t\t\t<div class=\"elementor-image-box-wrapper\"><figure class=\"elementor-image-box-img\"><img decoding=\"async\" width=\"59\" height=\"59\" src=\"https:\/\/teste.fixxamarketing.com.br\/wp\/wp-content\/uploads\/2025\/11\/Image00004.webp\" class=\"attachment-full size-full wp-image-192\" alt=\"\" \/><\/figure><div class=\"elementor-image-box-content\"><h3 class=\"elementor-image-box-title\">Estrat\u00e9gias Completa de Marketing<\/h3><p class=\"elementor-image-box-description\">Constru\u00edmos planos que integram tr\u00e1fego pago, CRM e automa\u00e7\u00f5es para gerar crescimento cont\u00ednuo e previs\u00edvel, independente do seu segmento.<\/p><\/div><\/div>\t\t\t\t<\/div>\n\t\t\t\t<\/div>\n\t\t<div class=\"elementor-element elementor-element-44ead35 e-con-full e-flex e-con e-child\" data-id=\"44ead35\" data-element_type=\"container\">\n\t\t\t\t<div class=\"elementor-element elementor-element-6030e6f elementor-position-top elementor-widget elementor-widget-image-box\" data-id=\"6030e6f\" data-element_type=\"widget\" data-widget_type=\"image-box.default\">\n\t\t\t\t\t<div class=\"elementor-image-box-wrapper\"><figure class=\"elementor-image-box-img\"><img loading=\"lazy\" decoding=\"async\" width=\"59\" height=\"59\" src=\"https:\/\/teste.fixxamarketing.com.br\/wp\/wp-content\/uploads\/2025\/11\/Image00003.webp\" class=\"attachment-full size-full wp-image-193\" alt=\"\" \/><\/figure><div class=\"elementor-image-box-content\"><h3 class=\"elementor-image-box-title\">Equipe Especializada em Performance<\/h3><p class=\"elementor-image-box-description\">Profissionais certificados, experientes e orientados a m\u00e9tricas. Cada decis\u00e3o \u00e9 tomada com base em dados para maximizar vendas e minimizar desperd\u00edcio.<\/p><\/div><\/div>\t\t\t\t<\/div>\n\t\t\t\t<\/div>\n\t\t<div class=\"elementor-element elementor-element-e48b078 e-con-full e-flex e-con e-child\" data-id=\"e48b078\" data-element_type=\"container\">\n\t\t\t\t<div class=\"elementor-element elementor-element-e9f8a6d elementor-position-top elementor-widget elementor-widget-image-box\" data-id=\"e9f8a6d\" data-element_type=\"widget\" data-widget_type=\"image-box.default\">\n\t\t\t\t\t<div class=\"elementor-image-box-wrapper\"><figure class=\"elementor-image-box-img\"><img loading=\"lazy\" decoding=\"async\" width=\"59\" height=\"59\" src=\"https:\/\/teste.fixxamarketing.com.br\/wp\/wp-content\/uploads\/2025\/11\/Image00002.webp\" class=\"attachment-full size-full wp-image-194\" alt=\"\" \/><\/figure><div class=\"elementor-image-box-content\"><h3 class=\"elementor-image-box-title\">Criatividade Que Gera Resultado<\/h3><p class=\"elementor-image-box-description\">Campanhas criativas, relevantes e estrategicamente planejadas para captar aten\u00e7\u00e3o, gerar interesse e converter clientes que realmente t\u00eam potencial de compra.<\/p><\/div><\/div>\t\t\t\t<\/div>\n\t\t\t\t<\/div>\n\t\t<div class=\"elementor-element elementor-element-7770e0f e-con-full e-flex e-con e-child\" data-id=\"7770e0f\" data-element_type=\"container\">\n\t\t\t\t<div class=\"elementor-element elementor-element-b0224a5 elementor-position-top elementor-widget elementor-widget-image-box\" data-id=\"b0224a5\" data-element_type=\"widget\" data-widget_type=\"image-box.default\">\n\t\t\t\t\t<div class=\"elementor-image-box-wrapper\"><figure class=\"elementor-image-box-img\"><img loading=\"lazy\" decoding=\"async\" width=\"59\" height=\"59\" src=\"https:\/\/teste.fixxamarketing.com.br\/wp\/wp-content\/uploads\/2025\/11\/Image00001.webp\" class=\"attachment-full size-full wp-image-191\" alt=\"\" \/><\/figure><div class=\"elementor-image-box-content\"><h3 class=\"elementor-image-box-title\">Parcerias que Aceleram o Crescimento<\/h3><p class=\"elementor-image-box-description\">Trabalhamos lado a lado com a sua empresa, criando um ecossistema s\u00f3lido de m\u00eddia, tecnologia e processos comerciais para escalar sua opera\u00e7\u00e3o com seguran\u00e7a.<\/p><\/div><\/div>\t\t\t\t<\/div>\n\t\t\t\t<\/div>\n\t\t\t\t<\/div>\n\t\t\t\t<\/div>\n\t\t\t\t\t<\/div>\n\t\t\t\t<\/div>\n\t\t<div class=\"elementor-element elementor-element-b8fda4b e-flex e-con-boxed e-con e-parent\" data-id=\"b8fda4b\" data-element_type=\"container\" data-settings=\"{&quot;background_background&quot;:&quot;classic&quot;}\">\n\t\t\t\t\t<div class=\"e-con-inner\">\n\t\t<div class=\"elementor-element elementor-element-a7998f2 e-con-full e-flex elementor-invisible e-con e-child\" data-id=\"a7998f2\" data-element_type=\"container\" data-settings=\"{&quot;animation&quot;:&quot;fadeInRight&quot;}\">\n\t\t\t\t<div class=\"elementor-element elementor-element-e5f9bbf elementor-widget elementor-widget-heading\" data-id=\"e5f9bbf\" data-element_type=\"widget\" data-widget_type=\"heading.default\">\n\t\t\t\t\t<div class=\"elementor-heading-title elementor-size-default\">DEPOIMENTOS<\/div>\t\t\t\t<\/div>\n\t\t\t\t<div class=\"elementor-element elementor-element-9940e7b elementor-widget elementor-widget-heading\" data-id=\"9940e7b\" data-element_type=\"widget\" data-widget_type=\"heading.default\">\n\t\t\t\t\t<h2 class=\"elementor-heading-title elementor-size-default\">Confira o que dizem nossos clientes que confiaram na FIXXA e tiveram resultados reais.<\/h2>\t\t\t\t<\/div>\n\t\t\t\t<\/div>\n\t\t\t\t\t<\/div>\n\t\t\t\t<\/div>\n\t\t\t\t<\/div>\n\t\t","protected":false},"excerpt":{"rendered":"<p>Sobre In\u00edcio\u00a0\/ Sobre SOBRE A FIXXA MARKETING Ag\u00eancia de Marketing Certificada Somos uma ag\u00eancia de marketing que nasceu com um \u00fanico prop\u00f3sito: ajudar empresas a crescerem atrav\u00e9s da publicidade digital. Nossa miss\u00e3o \u00e9 fazer seu neg\u00f3cio crescer atrav\u00e9s de estrat\u00e9gias inteligentes e bem executadas. Resultados Que Acontecem Campanhas otimizadas do in\u00edcio ao fim para gerar [&hellip;]<\/p>\n","protected":false},"author":1,"featured_media":0,"parent":0,"menu_order":0,"comment_status":"closed","ping_status":"closed","template":"","meta":{"footnotes":""},"class_list":["post-366","page","type-page","status-publish","hentry"],"_links":{"self":[{"href":"https:\/\/teste.fixxamarketing.com.br\/wp\/wp-json\/wp\/v2\/pages\/366","targetHints":{"allow":["GET"]}}],"collection":[{"href":"https:\/\/teste.fixxamarketing.com.br\/wp\/wp-json\/wp\/v2\/pages"}],"about":[{"href":"https:\/\/teste.fixxamarketing.com.br\/wp\/wp-json\/wp\/v2\/types\/page"}],"author":[{"embeddable":true,"href":"https:\/\/teste.fixxamarketing.com.br\/wp\/wp-json\/wp\/v2\/users\/1"}],"replies":[{"embeddable":true,"href":"https:\/\/teste.fixxamarketing.com.br\/wp\/wp-json\/wp\/v2\/comments?post=366"}],"version-history":[{"count":6,"href":"https:\/\/teste.fixxamarketing.com.br\/wp\/wp-json\/wp\/v2\/pages\/366\/revisions"}],"predecessor-version":[{"id":374,"href":"https:\/\/teste.fixxamarketing.com.br\/wp\/wp-json\/wp\/v2\/pages\/366\/revisions\/374"}],"wp:attachment":[{"href":"https:\/\/teste.fixxamarketing.com.br\/wp\/wp-json\/wp\/v2\/media?parent=366"}],"curies":[{"name":"wp","href":"https:\/\/api.w.org\/{rel}","templated":true}]}}